{"id":404,"date":"2023-09-14T11:50:07","date_gmt":"2023-09-14T11:50:07","guid":{"rendered":"https:\/\/aaudz.com\/?page_id=404"},"modified":"2023-09-14T11:50:07","modified_gmt":"2023-09-14T11:50:07","slug":"recommandations-aux-orateurs","status":"publish","type":"page","link":"https:\/\/aaudz.com\/index.php\/recommandations-aux-orateurs\/","title":{"rendered":"Recommandations aux ORATEURS"},"content":{"rendered":"<p>\u2022 Toutes les pr\u00e9sentations doivent \u00eatre pr\u00e9par\u00e9es pour PC.<br \/>\n\u2022 Votre ordinateur ne pourra pas \u00eatre utilis\u00e9 dans la salle<br \/>\nde conf\u00e9rences.<br \/>\n\u2022 Merci de vous pr\u00e9senter en pr\u00e9-projection muni d\u2019une cl\u00e9 USB<br \/>\nou d\u2019un CD-Rom, dans tous les cas, passez \u00e0 la salle de<br \/>\nprojection deux (02) heures avant le d\u00e9but de la s\u00e9ance<br \/>\no\u00f9 votre intervention est inscrite pour v\u00e9rifier que votre<br \/>\npr\u00e9sentation est conforme.<br \/>\n\u2022 Supports autoris\u00e9s (format\u00e9s PC) : cl\u00e9 USB, disque dur<br \/>\nexterne.<br \/>\n\u2022 Logiciels autoris\u00e9s : Les pr\u00e9sentations doivent \u00eatre<br \/>\nenregistr\u00e9es sous Power Point 2013, 2017 ou 2019;<br \/>\nLes photos doivent \u00eatre en format .jpg, .gif, .tif, ou bmp;<br \/>\nLes vid\u00e9os int\u00e9gr\u00e9es \u00e0 votre pr\u00e9sentation doivent \u00eatre au<br \/>\nformat .mpg, .mpeg, .avi<br \/>\n\u2022 N\u2019oubliez pas de fournir votre fichier vid\u00e9o avec votre<br \/>\npr\u00e9sentation Power Point.<br \/>\n\u2022 Polices: merci d\u2019utiliser des polices classiques reconnues par<br \/>\nles PC (Times, Arial,&#8230;) et d\u2019utiliser la police Windings pour les<br \/>\ncaract\u00e8res sp\u00e9ciaux, symboles et puces.<br \/>\n\u2022 Strict respect du temps imparti.<br \/>\n\u2022 Les mod\u00e9rateurs sont pri\u00e9s de veiller au strict respect<br \/>\nde l\u2019horaire des s\u00e9ances ainsi que du temps de parole<br \/>\ndes communicants.<\/p>\n<p>\u2022 Le port du badge est obligatoire pendant toute la dur\u00e9e<br \/>\ndu congr\u00e8s.<\/p>\n","protected":false},"excerpt":{"rendered":"<p>\u2022 Toutes les pr\u00e9sentations doivent \u00eatre pr\u00e9par\u00e9es pour PC. \u2022 [&hellip;]<\/p>\n","protected":false},"author":1,"featured_media":0,"parent":0,"menu_order":0,"comment_status":"closed","ping_status":"closed","template":"100-width.php","meta":{"_eb_attr":"","footnotes":""},"class_list":["post-404","page","type-page","status-publish","hentry"],"_links":{"self":[{"href":"https:\/\/aaudz.com\/index.php\/wp-json\/wp\/v2\/pages\/404","targetHints":{"allow":["GET"]}}],"collection":[{"href":"https:\/\/aaudz.com\/index.php\/wp-json\/wp\/v2\/pages"}],"about":[{"href":"https:\/\/aaudz.com\/index.php\/wp-json\/wp\/v2\/types\/page"}],"author":[{"embeddable":true,"href":"https:\/\/aaudz.com\/index.php\/wp-json\/wp\/v2\/users\/1"}],"replies":[{"embeddable":true,"href":"https:\/\/aaudz.com\/index.php\/wp-json\/wp\/v2\/comments?post=404"}],"version-history":[{"count":1,"href":"https:\/\/aaudz.com\/index.php\/wp-json\/wp\/v2\/pages\/404\/revisions"}],"predecessor-version":[{"id":790,"href":"https:\/\/aaudz.com\/index.php\/wp-json\/wp\/v2\/pages\/404\/revisions\/790"}],"wp:attachment":[{"href":"https:\/\/aaudz.com\/index.php\/wp-json\/wp\/v2\/media?parent=404"}],"curies":[{"name":"wp","href":"https:\/\/api.w.org\/{rel}","templated":true}]}}