{"id":2224,"date":"2024-02-04T14:57:11","date_gmt":"2024-02-04T14:57:11","guid":{"rendered":"https:\/\/aaudz.com\/?page_id=2224"},"modified":"2024-02-05T09:09:36","modified_gmt":"2024-02-05T09:09:36","slug":"communications-presentees-2eme-forum-des-cancers-urologique","status":"publish","type":"page","link":"https:\/\/aaudz.com\/index.php\/communications-presentees-2eme-forum-des-cancers-urologique\/","title":{"rendered":"Communications pr\u00e9sent\u00e9es 2eme forum des cancers urologique"},"content":{"rendered":"<h1>Communications pr\u00e9sent\u00e9es 2022<\/h1>\n<h2 style=\"text-align: center;\">Jeudi 9 juin 2022<\/h2>\n<h3 style=\"text-align: center;\">Cancers de Prostate<\/h3>\n<h3>1\u00e8re S\u00e9ance<\/h3>\n<p><a href=\"https:\/\/aaudz.com\/wp-content\/uploads\/2024\/02\/1-MOKADEM.pdf\">Recommandation anatomo pathologie. K. Mokadem<\/a><\/p>\n<p><a href=\"https:\/\/aaudz.com\/wp-content\/uploads\/2024\/02\/2-Loughraieb.pdf\">IRM prostatique, Applications simplifi\u00e9es de la classification PIRADS V2.1. S. Loughraieb<\/a><\/p>\n<p><a href=\"https:\/\/aaudz.com\/wp-content\/uploads\/2024\/02\/3-Idir.pdf\"> Pourquoi l\u2019IRM prostatique multiparam\u00e9trique (MP) est elle fortement recommand\u00e9e avant toute biopsie prostatique ? Revue de litt\u00e9rature. L. Idir<\/a><\/p>\n<p><a href=\"https:\/\/aaudz.com\/wp-content\/uploads\/2024\/02\/4-DrAZLI.pdf\">Corr\u00e9lation anatomopathologique du grade de l\u2019ISUP entre biopsie prostatique et pi\u00e8ce de prostatectomie. M. Azli<\/a><\/p>\n<h3>2\u00e8me S\u00e9ance<\/h3>\n<p><a href=\"https:\/\/aaudz.com\/wp-content\/uploads\/2024\/02\/06-OUANEZAR.pdf\"> Le cancer de prostate Les r\u00e9sultats oncologiques de la surveillance active dans le cancer de prostate Etude monocentrique. C. Ouanezar<\/a><\/p>\n<p><a href=\"https:\/\/aaudz.com\/wp-content\/uploads\/2024\/02\/7-Dr-Hodaifa.pdf\"> Les r\u00e9sultats fonctionnels et la qualit\u00e9 de vie apr\u00e8s prostatectomie radicale. M. Hodaifa<\/a><\/p>\n<p><a href=\"https:\/\/aaudz.com\/wp-content\/uploads\/2024\/02\/9-Dr-Benaicha.pdf\">Le profil \u00e9volutif de la r\u00e9cidive biologique apr\u00e8s un traitement local du cancer de prostate. MA. Benaicha<\/a><\/p>\n<p><a href=\"https:\/\/aaudz.com\/wp-content\/uploads\/2024\/02\/10-Dr-Haddouche.pdf\">R\u00e9cidive biologique apr\u00e8s prostatectomie radicale, que faire en Alg\u00e9rie ? A. Haddouche<\/a><\/p>\n<h3>3\u00e8me S\u00e9ance<\/h3>\n<p><a href=\"https:\/\/aaudz.com\/wp-content\/uploads\/2024\/02\/12-Soufi.pdf\">Int\u00e9r\u00eat de la radioth\u00e9rapie dans le cancer de la prostate. Souf<\/a><\/p>\n<p><a href=\"https:\/\/aaudz.com\/wp-content\/uploads\/2024\/02\/14-Dr-Kechout.pdf\">Apport de la radioth\u00e9rapie dans le traitement du cancer de la prostate. A. Kechout<\/a><\/p>\n<p><a href=\"https:\/\/aaudz.com\/wp-content\/uploads\/2024\/02\/15-Dr-Chabani.pdf\">Radioth\u00e9rapie postop\u00e9ratoire des cancers de la prostate : \u00e0 quel moment la proposer ? Quelle place pour la d\u00e9privation androg\u00e9nique ? M. Chabani<\/a><\/p>\n<p><a href=\"https:\/\/aaudz.com\/wp-content\/uploads\/2024\/02\/16-idir.pdf\">Cancer de prostate m\u00e9tastatique r\u00e9v\u00e9l\u00e9 par une compression m\u00e9dullaire (Cas clinique). L. Idir<\/a><\/p>\n<p><a href=\"https:\/\/aaudz.com\/wp-content\/uploads\/2024\/02\/17-ZAIDI.pdf\">Cancer de la prostate r\u00e9sistant \u00e0 la castration : recommandations. S. Zaidi<\/a><\/p>\n<h2 style=\"text-align: center;\">Cancers du Rein<\/h2>\n<h3>1\u00e8re S\u00e9ance<\/h3>\n<p><a href=\"https:\/\/aaudz.com\/wp-content\/uploads\/2024\/02\/1-Bouras.pdf\">Masses Kystiques et Cancer du Rein. R. Bouras<\/a><\/p>\n<p><a href=\"https:\/\/aaudz.com\/wp-content\/uploads\/2024\/02\/2-Loughraieb-1.pdf\">Approche simplifi\u00e9e de l\u2019imagerie des masses r\u00e9nales. S. Loughraieb<\/a><\/p>\n<p><a href=\"https:\/\/aaudz.com\/wp-content\/uploads\/2024\/02\/3-Idir-1.pdf\">R\u00e9sultats anatomopathologiques des kystes r\u00e9naux BOSNIAK III et IV : \u00e9tude r\u00e9trospective et revue de litt\u00e9rature. L. Idir<\/a><\/p>\n<p><a href=\"https:\/\/aaudz.com\/wp-content\/uploads\/2024\/02\/4-Amra.pdf\"> Quoi de nouveau sur l\u2019imagerie des l\u00e9sions kystiques du rein ? SMT. Amra<\/a><\/p>\n<p><a href=\"https:\/\/aaudz.com\/wp-content\/uploads\/2024\/02\/5-Arfi.pdf\">Cartographie vasculaire par angioscanner multi d\u00e9tecteurs avant n\u00e9phrectomie pour carcinome \u00e0 cellules claires r\u00e9nales. Arfi<\/a><\/p>\n<h3>2\u00e8me S\u00e9ance<\/h3>\n<p><a href=\"https:\/\/aaudz.com\/wp-content\/uploads\/2024\/02\/6-Belhadj-mostefa.pdf\">Pr\u00e9servation du rein : n\u00e9phrectomie partielle, traitements ablatifs et sur veillance active. M. Belhadj<\/a><\/p>\n<p><a href=\"https:\/\/aaudz.com\/wp-content\/uploads\/2024\/02\/8-Bazzi.pdf\">Le cancer du rein m\u00e9tastatique : choix th\u00e9rapeutique. A. Bazzi<\/a><\/p>\n<p><a href=\"https:\/\/aaudz.com\/wp-content\/uploads\/2024\/02\/9-ZAIDI.pdf\">Cancer \u00e0 cellules claires du Rein m\u00e9tastatique : recommandations. S. Zaidi<\/a><\/p>\n<p><a href=\"https:\/\/aaudz.com\/wp-content\/uploads\/2024\/02\/10-Beloucif.pdf\"> Recommandations pratiques du cancer du rein. T. Beloucif<\/a><\/p>\n<p><a href=\"https:\/\/aaudz.com\/wp-content\/uploads\/2024\/02\/1-Sympo.pdf\">Symposium IPSEN : Cancer de la prostate localis\u00e9 \u00e0 haut risque. Prostatectomie VS radioth\u00e9rapie. A. Haddouche<\/a><\/p>\n<p><a href=\"https:\/\/aaudz.com\/wp-content\/uploads\/2024\/02\/2-Sympo.pdf\">Symposium IPSEN : Cancer de la prostate localis\u00e9 \u00e0 haut risque. Prostatectomie VS radioth\u00e9rapie. N. Naoun<\/a><\/p>\n<p>&nbsp;<\/p>\n<h2 style=\"text-align: center;\">Vendredi 10 juin 2022<\/h2>\n<h2 style=\"text-align: center;\">Tumeurs de Vessie Non Infiltrant le Muscle<\/h2>\n<p><a href=\"https:\/\/aaudz.com\/wp-content\/uploads\/2024\/02\/1-Dr-Ahnou.pdf\"> Imagerie des tumeurs de la vessie : Scanner VS IRM. D. Ahnou<\/a><\/p>\n<p><a href=\"https:\/\/aaudz.com\/wp-content\/uploads\/2024\/02\/2-Dr-AZLI.pdf\">Les tumeurs de vessie chez le jeune adulte de moins de 40 ans. M. Azli<\/a><\/p>\n<p><a href=\"https:\/\/aaudz.com\/wp-content\/uploads\/2024\/02\/3-Dr-Bekki.pdf\"> Optimisation de la lecture anatomopathologique dans les RTUV monobloc. N. Bekki<\/a><\/p>\n<p><a href=\"https:\/\/aaudz.com\/wp-content\/uploads\/2024\/02\/4-Dr-Taleb.pdf\">L\u2019int\u00e9r\u00eat d\u2019une deuxi\u00e8me r\u00e9section endoscopique dans les tumeurs de la vessie non \u2013infiltrant le muscle v\u00e9sical. D. Taleb Bendiab<\/a><\/p>\n<p><a href=\"https:\/\/aaudz.com\/wp-content\/uploads\/2024\/02\/5-Dr-Saidani.pdf\">La prise en charge de l\u2019\u00e9chec du BCG dans le cancer de vessie n\u2019infiltrant pas le muscle. M. Saidani<\/a><\/p>\n<p><a href=\"https:\/\/aaudz.com\/wp-content\/uploads\/2024\/02\/6-Dr-Benghazal.pdf\">Etude de pharmacovigilance de l\u2019ONCO BCG pour les TNIM en Alg\u00e9rie : \u00e9tude monocentrique. A. Benghezal<\/a><\/p>\n<p><a href=\"https:\/\/aaudz.com\/wp-content\/uploads\/2024\/02\/7-Dr-Kerroumi.pdf\">Le profil \u00e9volutif de la cystectomie imm\u00e9diate dans la tumeur T1 de tr\u00e8s haut grade. S. Kerroumi<\/a><\/p>\n<p><a href=\"https:\/\/aaudz.com\/wp-content\/uploads\/2024\/02\/8-Pr-Atoui.pdf\">Difficult\u00e9s d\u2019appliquer les recommandations internationales (dans la prise en charge des TVNIM). K. Atoui<\/a><\/p>\n<p>&nbsp;<\/p>\n<h2 style=\"text-align: center;\">Tumeurs de Vessie Infiltrant le Muscle<\/h2>\n<p><a href=\"https:\/\/aaudz.com\/wp-content\/uploads\/2024\/02\/9-Dr-Benghazal.pdf\"> La technique de L\u2019enterocystoplastie en Z : Trucs et astuces a travers notre s\u00e9rie. AZ. Benghazal<\/a><\/p>\n<p><a href=\"https:\/\/aaudz.com\/wp-content\/uploads\/2024\/02\/10-Dr-Mellouk.pdf\">Les diff\u00e9rentes techniques de pr\u00e9servation des BNV lors de la cystectomie radicale pour la tumeur de vessie. A. Mellouk<\/a><\/p>\n<p><a href=\"https:\/\/aaudz.com\/wp-content\/uploads\/2024\/02\/11-Dr-Haddouche.pdf\">Cystectomie + neovessie orthotopique il\u00e9ale. A. Haddouche<\/a><\/p>\n<p><a href=\"https:\/\/aaudz.com\/wp-content\/uploads\/2024\/02\/12-Dr-Taleb-Tarek.pdf\"> Cystectomie radicale : Gestion des urostomies et qualit\u00e9 de vie postop\u00e9ratoire &#8211; Comparaison entre d\u00e9rivations urinaires non continentes. Taleb Tarik El Hadi<\/a><\/p>\n<p><a href=\"https:\/\/aaudz.com\/wp-content\/uploads\/2024\/02\/13-Dr-Laouachra.pdf\">Chimioth\u00e9rapie n\u00e9oadjuvante dans cancer de vessie infiltrant le muscle. W. Laouachra<\/a><\/p>\n<p><a href=\"https:\/\/aaudz.com\/wp-content\/uploads\/2024\/02\/14-Dr-Gais.pdf\">Le r\u00f4le de l\u2019immunoth\u00e9rapie dans le cancer uroth\u00e9lial. Gais Mat<\/a><\/p>\n<p><a href=\"https:\/\/aaudz.com\/wp-content\/uploads\/2024\/02\/15-Dr-Zaidi.pdf\">Cancer de la vessie : recommandations. S. Zaidi<\/a><\/p>\n<p>&nbsp;<\/p>\n<h2 style=\"text-align: center;\">Tumeurs de Voie Excr\u00e9trice Sup\u00e9rieure<\/h2>\n<p><a href=\"https:\/\/aaudz.com\/wp-content\/uploads\/2024\/02\/2-Dr-Haffaf.pdf\">L\u2019int\u00e9r\u00eat de l\u2019abord coeliosocpique dans la NUT lors de la TVES. M. Haffaf<\/a><\/p>\n<p><a href=\"https:\/\/aaudz.com\/wp-content\/uploads\/2024\/02\/3-Dr-Benrabah.pdf\">Traitement conservateur des tumeurs de la voie excr\u00e9trice sup\u00e9rieure : Les limites du raisonnable. R. Benrabah<\/a><\/p>\n<p>&nbsp;<\/p>\n<p>&nbsp;<\/p>\n<p>&nbsp;<\/p>\n<p>&nbsp;<\/p>\n<p>&nbsp;<\/p>\n<p>&nbsp;<\/p>\n<p>&nbsp;<\/p>\n","protected":false},"excerpt":{"rendered":"<p>Communications pr\u00e9sent\u00e9es 2022 Jeudi 9 juin 2022 Cancers de Prostate [&hellip;]<\/p>\n","protected":false},"author":1,"featured_media":0,"parent":0,"menu_order":0,"comment_status":"closed","ping_status":"closed","template":"100-width.php","meta":{"_eb_attr":"","footnotes":""},"class_list":["post-2224","page","type-page","status-publish","hentry"],"_links":{"self":[{"href":"https:\/\/aaudz.com\/index.php\/wp-json\/wp\/v2\/pages\/2224","targetHints":{"allow":["GET"]}}],"collection":[{"href":"https:\/\/aaudz.com\/index.php\/wp-json\/wp\/v2\/pages"}],"about":[{"href":"https:\/\/aaudz.com\/index.php\/wp-json\/wp\/v2\/types\/page"}],"author":[{"embeddable":true,"href":"https:\/\/aaudz.com\/index.php\/wp-json\/wp\/v2\/users\/1"}],"replies":[{"embeddable":true,"href":"https:\/\/aaudz.com\/index.php\/wp-json\/wp\/v2\/comments?post=2224"}],"version-history":[{"count":3,"href":"https:\/\/aaudz.com\/index.php\/wp-json\/wp\/v2\/pages\/2224\/revisions"}],"predecessor-version":[{"id":2272,"href":"https:\/\/aaudz.com\/index.php\/wp-json\/wp\/v2\/pages\/2224\/revisions\/2272"}],"wp:attachment":[{"href":"https:\/\/aaudz.com\/index.php\/wp-json\/wp\/v2\/media?parent=2224"}],"curies":[{"name":"wp","href":"https:\/\/api.w.org\/{rel}","templated":true}]}}