{"id":2001,"date":"2024-01-31T10:21:46","date_gmt":"2024-01-31T10:21:46","guid":{"rendered":"https:\/\/aaudz.com\/?page_id=2001"},"modified":"2024-01-31T10:21:46","modified_gmt":"2024-01-31T10:21:46","slug":"communication-presentees-4eme-forum-lithiase","status":"publish","type":"page","link":"https:\/\/aaudz.com\/index.php\/communication-presentees-4eme-forum-lithiase\/","title":{"rendered":"communication pr\u00e9sent\u00e9es 4eme forum lithiase"},"content":{"rendered":"<h1>Communications pr\u00e9sent\u00e9es 2022<\/h1>\n<h2 style=\"text-align: center;\">Jeudi 12 Mai 2022<\/h2>\n<h3>1\u00e8re S\u00e9ance :<\/h3>\n<p><a href=\"https:\/\/aaudz.com\/wp-content\/uploads\/2024\/01\/1-Dr-Sahel.pdf\">TDM et lithiase urinaire. A. Sahel<\/a><\/p>\n<p><a href=\"https:\/\/aaudz.com\/wp-content\/uploads\/2024\/01\/2-Dr-Loughraib.pdf\">Imagerie des lithiases urinaires. S. Loughraieb<\/a><\/p>\n<p><a href=\"https:\/\/aaudz.com\/wp-content\/uploads\/2024\/01\/3-Dr-Taleb-Bendiab.pdf\">Manifestations et formes cliniques des lithiases. DH. Taleb Bendiab<\/a><\/p>\n<p><a href=\"https:\/\/aaudz.com\/wp-content\/uploads\/2024\/01\/4-Dr-Bouras-1.pdf\">Show me your stone, I will tel you who you are ! S. Bouras<\/a><\/p>\n<p><a href=\"https:\/\/aaudz.com\/wp-content\/uploads\/2024\/01\/6-Dr-Hadj-Moussa.pdf\">L\u2019apport de l\u2019\u00e9tude des calculs urinaires dans la prise en charge du sujet lithiasique dans l\u2019est Alg\u00e9rien. M. Hadj-Moussa<\/a><\/p>\n<h3>2\u00e8me s\u00e9ance :<\/h3>\n<p><a href=\"https:\/\/aaudz.com\/wp-content\/uploads\/2024\/01\/1-Dr-Benrabah.pdf\">Actualit\u00e9s th\u00e9rapeutiques : Les nouveaux acteurs du traitement des lithiases urinaires. R. Benrabah<\/a><\/p>\n<p><a href=\"https:\/\/aaudz.com\/wp-content\/uploads\/2024\/01\/2-Dr-Benatta.pdf\">Gestion des corps \u00e9trangers du haut appareil urinaire. M. Benatta<\/a><\/p>\n<p><a href=\"https:\/\/aaudz.com\/wp-content\/uploads\/2024\/01\/5-Dr-Azli.pdf\">La dilatation ur\u00e9t\u00e9rale est elle syst\u00e9matique chez l\u2019enfant avant ur\u00e9t\u00e9roscopie ? M. Azli<\/a><\/p>\n<p><a href=\"https:\/\/aaudz.com\/wp-content\/uploads\/2024\/01\/Symposium-PhytoREN-Azli.pdf\">Symposium<\/a><\/p>\n<h3>3\u00e8me s\u00e9ance :<\/h3>\n<p><a href=\"https:\/\/aaudz.com\/wp-content\/uploads\/2024\/01\/1-Dr-Saidani.pdf\">N\u00e9phrolithotomie percutan\u00e9e en position pr\u00f4ne et en position supine : comparaison des r\u00e9sultats. M. Saidani<\/a><\/p>\n<p><a href=\"https:\/\/aaudz.com\/wp-content\/uploads\/2024\/01\/3-Dr-Bouhnik.pdf\">Tubless NLPC pour qui et pourquoi ? A. Bouhnik<\/a><\/p>\n<p><a href=\"https:\/\/aaudz.com\/wp-content\/uploads\/2024\/01\/4-Dr-Brahmi.pdf\">NLPC : Exp\u00e9rience du service de l\u2019HMRU Constantine. M. Brahmi<\/a><\/p>\n<h3>4\u00e8me s\u00e9ance :<\/h3>\n<p><a href=\"https:\/\/aaudz.com\/wp-content\/uploads\/2024\/01\/4-Ouanezar.pdf\">Complications apr\u00e8s NLPC : comment les g\u00e9rer ? C. Ouanezar<\/a><\/p>\n<p>&nbsp;<\/p>\n<h2 style=\"text-align: center;\">Vendredi 13 Mai 2022<\/h2>\n<h3>1\u00e8re S\u00e9ance :<\/h3>\n<p><a href=\"https:\/\/aaudz.com\/wp-content\/uploads\/2024\/01\/3-Dr-Guerd.pdf\">La biologie urinaire au cours de la maladie lithiasique. B. Guerd<\/a><\/p>\n<h3>2\u00e8me s\u00e9ance :<\/h3>\n<p><a href=\"https:\/\/aaudz.com\/wp-content\/uploads\/2024\/01\/1-Berrahal.pdf\">Evolution de la prise en charge mcirobiologique des lithiases urinaires. M. Berrahal<\/a><\/p>\n<p><a href=\"https:\/\/aaudz.com\/wp-content\/uploads\/2024\/01\/4-Dr-Djeffal.pdf\">Traitement m\u00e9dical de la lithiase uratique. C. Djeffal<\/a><\/p>\n<p><a href=\"https:\/\/aaudz.com\/wp-content\/uploads\/2024\/01\/5-Azzouz.pdf\">R\u00e8gles hygieno-di\u00e9t\u00e9tique et traitement m\u00e9dical des lithiases urinaire. A. Ould Amar<\/a><\/p>\n<p><a href=\"https:\/\/aaudz.com\/wp-content\/uploads\/2024\/01\/7-Dr-Rabahi.pdf\">Lithiase et vessie neurologique. F. Rabahi<\/a><\/p>\n<p>&nbsp;<\/p>\n<p>&nbsp;<\/p>\n<p>&nbsp;<\/p>\n","protected":false},"excerpt":{"rendered":"<p>Communications pr\u00e9sent\u00e9es 2022 Jeudi 12 Mai 2022 1\u00e8re S\u00e9ance : [&hellip;]<\/p>\n","protected":false},"author":1,"featured_media":0,"parent":0,"menu_order":0,"comment_status":"closed","ping_status":"closed","template":"100-width.php","meta":{"_eb_attr":"","footnotes":""},"class_list":["post-2001","page","type-page","status-publish","hentry"],"_links":{"self":[{"href":"https:\/\/aaudz.com\/index.php\/wp-json\/wp\/v2\/pages\/2001","targetHints":{"allow":["GET"]}}],"collection":[{"href":"https:\/\/aaudz.com\/index.php\/wp-json\/wp\/v2\/pages"}],"about":[{"href":"https:\/\/aaudz.com\/index.php\/wp-json\/wp\/v2\/types\/page"}],"author":[{"embeddable":true,"href":"https:\/\/aaudz.com\/index.php\/wp-json\/wp\/v2\/users\/1"}],"replies":[{"embeddable":true,"href":"https:\/\/aaudz.com\/index.php\/wp-json\/wp\/v2\/comments?post=2001"}],"version-history":[{"count":1,"href":"https:\/\/aaudz.com\/index.php\/wp-json\/wp\/v2\/pages\/2001\/revisions"}],"predecessor-version":[{"id":2022,"href":"https:\/\/aaudz.com\/index.php\/wp-json\/wp\/v2\/pages\/2001\/revisions\/2022"}],"wp:attachment":[{"href":"https:\/\/aaudz.com\/index.php\/wp-json\/wp\/v2\/media?parent=2001"}],"curies":[{"name":"wp","href":"https:\/\/api.w.org\/{rel}","templated":true}]}}