{"id":1869,"date":"2024-01-28T23:13:48","date_gmt":"2024-01-28T23:13:48","guid":{"rendered":"https:\/\/aaudz.com\/?page_id=1869"},"modified":"2024-01-28T23:13:48","modified_gmt":"2024-01-28T23:13:48","slug":"communication-prestees-2022-17eme","status":"publish","type":"page","link":"https:\/\/aaudz.com\/index.php\/communication-prestees-2022-17eme\/","title":{"rendered":"Communication prest\u00e9es 2022 17eme"},"content":{"rendered":"<h1>Communications pr\u00e9sent\u00e9es 2022<\/h1>\n<h2 style=\"text-align: center;\">Jeudi 8 D\u00e9cembre 2022<\/h2>\n<h3>Premi\u00e8re s\u00e9ance<\/h3>\n<p><a href=\"https:\/\/aaudz.com\/wp-content\/uploads\/2024\/01\/1-Dr-Sghir.pdf\">Correlations cancer du rein et comorbidites (HTA, cardiopathies , pathologie thyro\u00efdienne ) s\u00e9rie r\u00e9trospective de 510 cas O. Seghir<\/a><\/p>\n<p><a href=\"https:\/\/aaudz.com\/wp-content\/uploads\/2024\/01\/Ouarhlent.pdf\">Tumeur r\u00e9nale avec thrombose de la VCI quel astuce ? H. Ouarhlent<\/a><\/p>\n<p><a href=\"https:\/\/aaudz.com\/wp-content\/uploads\/2024\/01\/4-Dr-Bouras.pdf\">Traitement chirurgical conservateur du cancer du rein pour qui ? S. Bouras<\/a><\/p>\n<p><a href=\"https:\/\/aaudz.com\/wp-content\/uploads\/2024\/01\/5-Dr-Kerroumi.pdf\">La place de l\u2019approche laparoscopique dans le traitement du cancer du rein :\u00e9tat des lieux dans le service d\u2019urologie. S. Kerroumi<\/a><\/p>\n<p><a href=\"https:\/\/aaudz.com\/wp-content\/uploads\/2024\/01\/Dr-HAFFAF-locally-advanced.pdf\">Le challenging laparoscopique dans le cancer du rein localement avanc\u00e9. M. Haffaf<\/a><\/p>\n<p><a href=\"https:\/\/aaudz.com\/wp-content\/uploads\/2024\/01\/8-Dr-Kerroumi.pdf\">Premi\u00e8re nephrectomie partielle trans p\u00e9ritoniale laparoscopique AZ. Benghazal<\/a><\/p>\n<p><a href=\"https:\/\/aaudz.com\/wp-content\/uploads\/2024\/01\/10-Dr-Bouras.pdf\">R\u00e9sultats fonctionnels de la nephr\u00e9ctomie partielle du cancer du rein. S. Bouras<\/a><\/p>\n<h3>Deuxi\u00e8me s\u00e9ance<\/h3>\n<p><a href=\"https:\/\/aaudz.com\/wp-content\/uploads\/2024\/01\/1-Dr-Ould-Amar.pdf\">Tumeurs des voies excretrices urinaires superieures: a propos de 65 cas experience du service d\u2019urologie chu bab el oued. A. Ould Amar<\/a><\/p>\n<p><a href=\"https:\/\/aaudz.com\/wp-content\/uploads\/2024\/01\/TVES-TRT-consevateur-AAU-2022.pdf\">Traitement conservateur des TVES : quelle voie d\u2019abord ? C. Ounzar<\/a><\/p>\n<p><a href=\"https:\/\/aaudz.com\/wp-content\/uploads\/2024\/01\/3-Dr-Alami.pdf\">Challenging case : bladder cancer associeted with upper tract urothalial carcinoma. M. Mhamedi<\/a><\/p>\n<p><a href=\"https:\/\/aaudz.com\/wp-content\/uploads\/2024\/01\/4-Dr-Arfi.pdf\">Modalit\u00e9s de r\u00e9alisation de cartographie vasculaire r\u00e9nale par angioscanner multi d\u00e9tecteurs avant chirurgie urologique. MI. Arfi<\/a><\/p>\n<p><a href=\"https:\/\/aaudz.com\/wp-content\/uploads\/2024\/01\/Mokeddem-AAU-89-et-10-Decembre-2022.pdf\">Classification de l\u2019OMS 2022 des cancers urologiques. k. Mokkedem<\/a><\/p>\n<h3>Troisi\u00e8me s\u00e9ance<\/h3>\n<p><a href=\"https:\/\/aaudz.com\/wp-content\/uploads\/2024\/01\/1-Interet-de-la-resection-complementaire-ou-.pptx-AAU-2022.pptx-saidani-final.pdf\">Interet de la resection second look pour les tumeurs de vessies classees haut grade. M. Saidani<\/a><\/p>\n<p><a href=\"https:\/\/aaudz.com\/wp-content\/uploads\/2024\/01\/2-Dr-Sghir.pdf\">Etude prospective du pronostic pr\u00e9 et post op\u00e9ratoire d\u2019 une serie de Cystectomies . O. Seghir<\/a><\/p>\n<p><a href=\"https:\/\/aaudz.com\/wp-content\/uploads\/2024\/01\/3-T0-apres-cystectomie5730.pdf\">Stade Pt0 sur pi\u00e8ce de cyst\u00e9ctomie radicale,est-il pr\u00e9dictif d\u2019un bon pronostic ou un sur traitement. A. Haddouche<\/a><\/p>\n<p><a href=\"https:\/\/aaudz.com\/wp-content\/uploads\/2024\/01\/4-Dr-RABAHI-luretrectomie-un-geste-necessaire-ou-obligatoire.pdf\">L\u2019ur\u00e9trectomie : un geste n\u00e9cessaire ou compl\u00e9mentaire ? F. Rabahi<\/a><\/p>\n<p><a href=\"https:\/\/aaudz.com\/wp-content\/uploads\/2024\/01\/5-.AAU_.NEW_.pdf\">Cystectomie totale chez le sujet \u00e2g\u00e9 : Faisabilit\u00e9 ? D\u00e9fis et solutions ? S. Lanacer<\/a><\/p>\n<p><a href=\"https:\/\/aaudz.com\/wp-content\/uploads\/2024\/01\/6-Dr-Baouta.pdf\">\u00c9tude prospective des r\u00e9sultats carcinologiques des prostatectomies radicales . KH. Belkacem<\/a><\/p>\n<p><a href=\"https:\/\/aaudz.com\/wp-content\/uploads\/2024\/01\/7-Dr-Benghazal.pdf\">Les r\u00e9sultats fonctionnels de la prostatectomie radicale atteint apr\u00e8s une \u00e9xp\u00e9rience de 10 ans.\u00a0A. Benghza<\/a><\/p>\n<p><a href=\"https:\/\/aaudz.com\/wp-content\/uploads\/2024\/01\/Anatomiczna-Enukleacja-Sraecza.pdf\">SEMI LIVE \u00e9nucl\u00e9ation prostate. Piotr Humanski<\/a><\/p>\n<h3>Quatri\u00e8me S\u00e9ance<\/h3>\n<p><a href=\"https:\/\/aaudz.com\/wp-content\/uploads\/2024\/01\/1-AAU-LOUNICI-2022.pdf\">La n\u00e9phrolithotomie percutan\u00e9e (NLPC) : r\u00e8gles de s\u00e9curit\u00e9 avant, pendant et apr\u00e8s legeste. T. Lounici<\/a><\/p>\n<p><a href=\"https:\/\/aaudz.com\/wp-content\/uploads\/2024\/01\/2-SFR-.pdf\">Facteurs affectant le taux de sfr ? Les complications , la dur\u00e9e op\u00e9ratoire et d\u2019hospitalisation de la nlpc supine pour le traitement des calculs r\u00e9naux sup\u00e9rieurs a 02 Cm. AD. Lansari<\/a><\/p>\n<p><a href=\"https:\/\/aaudz.com\/wp-content\/uploads\/2024\/01\/3-Dr-Ouanzar.pdf\">Mini-NLPC sur rein unique : d\u00e9but d\u2019exp\u00e9rience C. ounzar<\/a><\/p>\n<p><a href=\"https:\/\/aaudz.com\/wp-content\/uploads\/2024\/01\/4.AZLI-NLPC.pdf\">La mini nlpc chez l\u2019enfant : appr\u00e9hension et r\u00e9alit\u00e9 M. Azeli<\/a><\/p>\n<p><a href=\"https:\/\/aaudz.com\/wp-content\/uploads\/2024\/01\/5-Tubeless-PCNL.pdf\">Tubless pcnl H. Bouhnik<\/a><\/p>\n<p><a href=\"https:\/\/aaudz.com\/wp-content\/uploads\/2024\/01\/6-MonoNLPC.pdf\">Mono acc\u00e8s NLPC\/Multiple acc\u00e8s NLPC &#8211; traitement combin\u00e9 (NLPC +LEC) (NLPC+URSS) dans le traitement des calculs r\u00e9naux complexes en position supine. AD. Lansari<\/a><\/p>\n<p><a href=\"https:\/\/aaudz.com\/wp-content\/uploads\/2024\/01\/7.AZLI-URS-AAU-2022.pdf\">Gestion des complications de l\u2019ureteroscopie chez l\u2019enfant M.Azeli<\/a><\/p>\n<p><a href=\"https:\/\/aaudz.com\/wp-content\/uploads\/2024\/01\/8-monica.pdf\">L\u2019innovation des technologies lasers thulium et holmium YAG chez Quanta System. Monica Carollo<\/a><\/p>\n<p>&nbsp;<\/p>\n<h2 style=\"text-align: center;\">Vendredi 9 d\u00e9cembre 2022<\/h2>\n<h3>Premi\u00e8re s\u00e9ance<\/h3>\n<p><a href=\"https:\/\/aaudz.com\/wp-content\/uploads\/2024\/01\/1-Dr-Haiahem.pdf\">L\u2019hyperactivit\u00e9 v\u00e9sicale rebelle: Que peut-on proposer \u00e0 nos malades? S. Haiahem<\/a><\/p>\n<p><a href=\"https:\/\/aaudz.com\/wp-content\/uploads\/2024\/01\/3-Dr-Madec.pdf\">Lecture FASULF sur sur les st\u00e9noses de l\u2019ur\u00e8tre et nouvelles recommendations. Fran\u00e7ois Xavier Madec<\/a><\/p>\n<p><a href=\"https:\/\/aaudz.com\/wp-content\/uploads\/2024\/01\/La-Biopsie-prostatique-transperineale-Astazeneca.pdf\">Symposium AstraZeneca . Biopsie Transp\u00e9rin\u00e9ale K. BENAKILA<\/a><\/p>\n<h3>Deuxi\u00e8me s\u00e9ance<\/h3>\n<p><a href=\"https:\/\/aaudz.com\/wp-content\/uploads\/2024\/01\/Algeria-IPSEN-QoL-PBO-09.12.2022.pdf\">Symposium IPSEN : \u201cHow to improve quality of life during prostate cancer management\u201d Peter Busch \u00d8stergren<\/a><\/p>\n<p><a href=\"https:\/\/aaudz.com\/wp-content\/uploads\/2024\/01\/EEP-au-bipo-LEP-AAU-2022.pdf\">\u00c9nucliation prostatique. Chaabani<\/a><\/p>\n<p><a href=\"https:\/\/aaudz.com\/wp-content\/uploads\/2024\/01\/PAUSA-Presentation.pdf\">PAUSA DISCOUR Fall- Papa Ahmed Pr\u00e9sident de la PAUSA<\/a><\/p>\n<h3>Troisi\u00e8me s\u00e9ance<\/h3>\n<p><a href=\"https:\/\/aaudz.com\/wp-content\/uploads\/2024\/01\/Gestion-complication.pdf\">Gestion des complications de la n\u00e9phrolithotomie percutan\u00e9e (NLPC)\u00a0 T. Lounici<\/a><\/p>\n<p><a href=\"https:\/\/aaudz.com\/wp-content\/uploads\/2024\/01\/Dr-Messaoudi.pdf\">Gags apr\u00e8s prostatectomie totale et curage ganglionnaire A.Messaoudi<\/a><\/p>\n<p><a href=\"https:\/\/aaudz.com\/wp-content\/uploads\/2024\/01\/Dr-Schneider.pdf\">Risque m\u00e9dico-l\u00e9gal dans le cadre des complications : r\u00e8gles de bonnes pratiques. M.Schneider<\/a><\/p>\n<p><a href=\"https:\/\/aaudz.com\/wp-content\/uploads\/2024\/01\/DEVONEC-.pdf\">Incontinence urinaire d\u2019effort chez la femme avant-avec et apr\u00e9s l\u2019\u00e8re des bandelettes. M. Devonnec<\/a><\/p>\n<p><a href=\"https:\/\/aaudz.com\/wp-content\/uploads\/2024\/01\/Dr-Zerizer.pdf\">Actualit\u00e9s de la biopsie de prostate en 2022 DJ. Zerizer<\/a><\/p>\n<p><a href=\"https:\/\/aaudz.com\/wp-content\/uploads\/2024\/01\/Dr-Benmohamed.pdf\">Bilan urodynamique par et pour l\u2019urologue B. Benmohamed<\/a><\/p>\n<p><a href=\"https:\/\/aaudz.com\/wp-content\/uploads\/2024\/01\/HBP-Frater-Sympo-1.pdf\">Symposium des laboratoires Frater-Razes: Prise en charge de Hypertrophie b\u00e9nigne de la prostate l\u00bbhepergro de la prostate A. Belkacem Nacer<\/a><\/p>\n<p>&nbsp;<\/p>\n<h2 style=\"text-align: center;\">Samedi 10 d\u00e9cembre 2022<\/h2>\n<h3>Cancer de la prostate:<\/h3>\n<p><a href=\"https:\/\/aaudz.com\/wp-content\/uploads\/2024\/01\/1-Dr-Lebret.pdf\">Le point sur le depistage et le diagnostic precoce Thierry LEBRET<\/a><\/p>\n<p><a href=\"https:\/\/aaudz.com\/wp-content\/uploads\/2024\/01\/2-Dr-Coloby.pdf\">Prise en charge du cancer localis\u00e9 de faible risque et de risque interm\u00e9diaire Patrick Coloby<\/a><\/p>\n<h3>Cancer du rein :<\/h3>\n<p><a href=\"https:\/\/aaudz.com\/wp-content\/uploads\/2024\/01\/3-Dr-Guy.pdf\">Place de la nephrectomie cytoreductrice et de la nephrectomie apres traitement syst\u00e9mique Laurent GUY<\/a><\/p>\n<p><a href=\"https:\/\/aaudz.com\/wp-content\/uploads\/2024\/01\/4-Dr-Guy.pdf\">Traitement adjuvant des cancers \u00e0 haut risque Laurent GUY<\/a><\/p>\n<p><a href=\"https:\/\/aaudz.com\/wp-content\/uploads\/2024\/01\/AAU-PROGERME-2022-madec.pdf\">Symposium Viegerme. Madec<\/a><\/p>\n<h3>Cancer de vessie:<\/h3>\n<p><a href=\"https:\/\/aaudz.com\/wp-content\/uploads\/2024\/01\/6-Dr-Lebret.pdf\">Gestion de la p\u00e9nurie de BCG : Thierry LEBRET<\/a><\/p>\n<p><a href=\"https:\/\/aaudz.com\/wp-content\/uploads\/2024\/01\/7-Dr-Lebret.pdf\">Prise en charge des TVIM \u00e0 haut risque : Thierry LEBRET<\/a><\/p>\n<p>&nbsp;<\/p>\n<p>&nbsp;<\/p>\n","protected":false},"excerpt":{"rendered":"<p>Communications pr\u00e9sent\u00e9es 2022 Jeudi 8 D\u00e9cembre 2022 Premi\u00e8re s\u00e9ance Correlations [&hellip;]<\/p>\n","protected":false},"author":1,"featured_media":0,"parent":0,"menu_order":0,"comment_status":"closed","ping_status":"closed","template":"100-width.php","meta":{"_eb_attr":"","footnotes":""},"class_list":["post-1869","page","type-page","status-publish","hentry"],"_links":{"self":[{"href":"https:\/\/aaudz.com\/index.php\/wp-json\/wp\/v2\/pages\/1869","targetHints":{"allow":["GET"]}}],"collection":[{"href":"https:\/\/aaudz.com\/index.php\/wp-json\/wp\/v2\/pages"}],"about":[{"href":"https:\/\/aaudz.com\/index.php\/wp-json\/wp\/v2\/types\/page"}],"author":[{"embeddable":true,"href":"https:\/\/aaudz.com\/index.php\/wp-json\/wp\/v2\/users\/1"}],"replies":[{"embeddable":true,"href":"https:\/\/aaudz.com\/index.php\/wp-json\/wp\/v2\/comments?post=1869"}],"version-history":[{"count":1,"href":"https:\/\/aaudz.com\/index.php\/wp-json\/wp\/v2\/pages\/1869\/revisions"}],"predecessor-version":[{"id":1921,"href":"https:\/\/aaudz.com\/index.php\/wp-json\/wp\/v2\/pages\/1869\/revisions\/1921"}],"wp:attachment":[{"href":"https:\/\/aaudz.com\/index.php\/wp-json\/wp\/v2\/media?parent=1869"}],"curies":[{"name":"wp","href":"https:\/\/api.w.org\/{rel}","templated":true}]}}