{"id":1536,"date":"2024-01-19T08:39:50","date_gmt":"2024-01-19T08:39:50","guid":{"rendered":"https:\/\/aaudz.com\/?page_id=1536"},"modified":"2024-01-19T08:42:21","modified_gmt":"2024-01-19T08:42:21","slug":"communications-presentees-mi2023","status":"publish","type":"page","link":"https:\/\/aaudz.com\/index.php\/communications-presentees-mi2023\/","title":{"rendered":"Communications pr\u00e9sent\u00e9es Journ\u00e9es mini-invasive"},"content":{"rendered":"<h1>Communications pr\u00e9sent\u00e9es 2023<\/h1>\n<h2 style=\"text-align: center;\">Jeudi 25 mai 2023<\/h2>\n<h3>Premi\u00e8re s\u00e9ance<\/h3>\n<p><a href=\"https:\/\/aaudz.com\/wp-content\/uploads\/2024\/01\/How-to-manage-Nightmare-cases-in-PCNL.pdf\">How to manage nightmares in PCNL ? S.K. Pal<\/a><\/p>\n<p><a href=\"https:\/\/aaudz.com\/wp-content\/uploads\/2024\/01\/2.AZLI-MIS-UROLITHIASIS-CHILDREN.pdf\">Minimally invasif treatemernt of urolithiasis in children. M. Azli.<\/a><\/p>\n<h3>Deuxi\u00e8me s\u00e9ance<\/h3>\n<p><a href=\"https:\/\/aaudz.com\/wp-content\/uploads\/2024\/01\/5-benrabah.pdf\">L\u2019ur\u00e9t\u00e9roscopie en Alg\u00e9rie : quel avenir ? R. Benrabah.<\/a><\/p>\n<h2 style=\"text-align: center;\">Vendredi 26 mai 2023<\/h2>\n<h3>Premi\u00e8re s\u00e9ance<\/h3>\n<p><a href=\"https:\/\/aaudz.com\/wp-content\/uploads\/2024\/01\/Promontofixation-coelioscopique.pdf\">Promontofixation laparoscopiquee. H. Boukerma<\/a><\/p>\n<p><a href=\"https:\/\/aaudz.com\/wp-content\/uploads\/2024\/01\/Abords_MIS_Rrein.pdf\">Les abords mini invasifs du cancer du rein. I. Ouzaid.<\/a><\/p>\n<h3>Symposium FRATER RAZES<\/h3>\n<p><a href=\"https:\/\/aaudz.com\/wp-content\/uploads\/2024\/01\/PROPHYVAR-Mokretar.pdf\">Varenox dans la vie r\u00e9elle ( \u00e9tude PROPHYVAR ). R. Mokretat-Karroubi <\/a><\/p>\n<h3>Deuxi\u00e8me s\u00e9ance<\/h3>\n<p><a href=\"https:\/\/aaudz.com\/wp-content\/uploads\/2024\/01\/1-Malavaud.pdf\">R\u00e9section en bloc des tumeurs de vessie. B. Malavaud.<\/a><\/p>\n<p><a href=\"https:\/\/aaudz.com\/wp-content\/uploads\/2024\/01\/3-hbp-MINI-INVASIVE2.pdf\">Traitement mini invasive de l\u2019HBP. M.atoui .<\/a><\/p>\n<p>&nbsp;<\/p>\n","protected":false},"excerpt":{"rendered":"<p>Communications pr\u00e9sent\u00e9es 2023 Jeudi 25 mai 2023 Premi\u00e8re s\u00e9ance How [&hellip;]<\/p>\n","protected":false},"author":1,"featured_media":0,"parent":0,"menu_order":0,"comment_status":"closed","ping_status":"closed","template":"100-width.php","meta":{"_eb_attr":"","footnotes":""},"class_list":["post-1536","page","type-page","status-publish","hentry"],"_links":{"self":[{"href":"https:\/\/aaudz.com\/index.php\/wp-json\/wp\/v2\/pages\/1536","targetHints":{"allow":["GET"]}}],"collection":[{"href":"https:\/\/aaudz.com\/index.php\/wp-json\/wp\/v2\/pages"}],"about":[{"href":"https:\/\/aaudz.com\/index.php\/wp-json\/wp\/v2\/types\/page"}],"author":[{"embeddable":true,"href":"https:\/\/aaudz.com\/index.php\/wp-json\/wp\/v2\/users\/1"}],"replies":[{"embeddable":true,"href":"https:\/\/aaudz.com\/index.php\/wp-json\/wp\/v2\/comments?post=1536"}],"version-history":[{"count":2,"href":"https:\/\/aaudz.com\/index.php\/wp-json\/wp\/v2\/pages\/1536\/revisions"}],"predecessor-version":[{"id":1550,"href":"https:\/\/aaudz.com\/index.php\/wp-json\/wp\/v2\/pages\/1536\/revisions\/1550"}],"wp:attachment":[{"href":"https:\/\/aaudz.com\/index.php\/wp-json\/wp\/v2\/media?parent=1536"}],"curies":[{"name":"wp","href":"https:\/\/api.w.org\/{rel}","templated":true}]}}